{"id":15406,"date":"2017-10-24T00:00:00","date_gmt":"2017-10-23T21:00:00","guid":{"rendered":"https:\/\/www.vrachnos.gr\/fishing\/product\/aglia-asimi-me-myga\/"},"modified":"2026-03-25T00:14:13","modified_gmt":"2026-03-24T22:14:13","slug":"aglia-asimi-me-myga","status":"publish","type":"product","link":"https:\/\/www.vrachnos.gr\/fishing\/product\/aglia-asimi-me-myga\/","title":{"rendered":"MEEP&#8217;S \/ AGLIA \u0391\u03c3\u03b7\u03bc\u03af \u039c\u03b5 \u039c\u03cd\u03b3\u03b1"},"content":{"rendered":"<p><em><strong><span style=\"font-family: arial, helvetica, sans-serif\">AGLIA\u00ae MOUCHE<\/span><\/strong><\/em><br \/>\n<span style=\"font-family: arial, helvetica, sans-serif\">Pour les p\u00eaches d&#8217;\u00e9t\u00e9, par eaux basses <\/span><span style=\"font-family: arial, helvetica, sans-serif\">et poissons difficiles.<\/span><\/p>\n<p><strong><span style=\"font-family: arial, helvetica, sans-serif\">AGLIA \/ Black fly<\/span><\/strong><\/p>\n<p><span style=\"font-family: arial, helvetica, sans-serif\">For summer fish, in low water and for <\/span><span style=\"font-family: arial, helvetica, sans-serif\">difficult fish.<\/span><\/p>\n","protected":false},"excerpt":{"rendered":"<p>AGLIA\u00ae MOUCHE Pour les p\u00eaches d&#8217;\u00e9t\u00e9, par eaux basses et poissons difficiles. AGLIA \/ Black fly For summer fish, in<\/p>\n","protected":false},"featured_media":15408,"template":"","meta":[],"product_cat":[658],"product_tag":[],"class_list":{"0":"post-15406","1":"product","2":"type-product","3":"status-publish","4":"has-post-thumbnail","6":"product_cat-petaloudes-dolomata","7":"pa_brand-mepps","9":"first","10":"instock","11":"purchasable","12":"product-type-simple"},"yoast_head":"<!-- This site is optimized with the Yoast SEO plugin v27.3 - https:\/\/yoast.com\/product\/yoast-seo-wordpress\/ -->\n<title>MEEP&#039;S \/ AGLIA \u0391\u03c3\u03b7\u03bc\u03af \u039c\u03b5 \u039c\u03cd\u03b3\u03b1 - vrachnos.gr<\/title>\n<meta name=\"robots\" content=\"index, follow, max-snippet:-1, max-image-preview:large, max-video-preview:-1\" \/>\n<link rel=\"canonical\" href=\"https:\/\/www.vrachnos.gr\/fishing\/product\/aglia-asimi-me-myga\/\" \/>\n<meta property=\"og:locale\" content=\"el_GR\" \/>\n<meta property=\"og:type\" content=\"article\" \/>\n<meta property=\"og:title\" content=\"MEEP&#039;S \/ AGLIA \u0391\u03c3\u03b7\u03bc\u03af \u039c\u03b5 \u039c\u03cd\u03b3\u03b1 - vrachnos.gr\" \/>\n<meta property=\"og:description\" content=\"AGLIA\u00ae MOUCHE Pour les p\u00eaches d&#8217;\u00e9t\u00e9, par eaux basses et poissons difficiles. AGLIA \/ Black fly For summer fish, in\" \/>\n<meta property=\"og:url\" content=\"https:\/\/www.vrachnos.gr\/fishing\/product\/aglia-asimi-me-myga\/\" \/>\n<meta property=\"og:site_name\" content=\"vrachnos.gr\" \/>\n<meta property=\"article:publisher\" content=\"https:\/\/www.facebook.com\/profile.php?id=100024195167208\" \/>\n<meta property=\"article:modified_time\" content=\"2026-03-24T22:14:13+00:00\" \/>\n<meta property=\"og:image\" content=\"https:\/\/www.vrachnos.gr\/fishing\/wp-content\/uploads\/2023\/01\/aglia_mouche137041765551aee9f777b33.jpg\" \/>\n\t<meta property=\"og:image:width\" content=\"363\" \/>\n\t<meta property=\"og:image:height\" content=\"335\" \/>\n\t<meta property=\"og:image:type\" content=\"image\/jpeg\" \/>\n<meta name=\"twitter:card\" content=\"summary_large_image\" \/>\n<script type=\"application\/ld+json\" class=\"yoast-schema-graph\">{\"@context\":\"https:\\\/\\\/schema.org\",\"@graph\":[{\"@type\":\"WebPage\",\"@id\":\"https:\\\/\\\/www.vrachnos.gr\\\/fishing\\\/product\\\/aglia-asimi-me-myga\\\/\",\"url\":\"https:\\\/\\\/www.vrachnos.gr\\\/fishing\\\/product\\\/aglia-asimi-me-myga\\\/\",\"name\":\"MEEP'S \\\/ AGLIA \u0391\u03c3\u03b7\u03bc\u03af \u039c\u03b5 \u039c\u03cd\u03b3\u03b1 - vrachnos.gr\",\"isPartOf\":{\"@id\":\"https:\\\/\\\/www.vrachnos.gr\\\/fishing\\\/#website\"},\"primaryImageOfPage\":{\"@id\":\"https:\\\/\\\/www.vrachnos.gr\\\/fishing\\\/product\\\/aglia-asimi-me-myga\\\/#primaryimage\"},\"image\":{\"@id\":\"https:\\\/\\\/www.vrachnos.gr\\\/fishing\\\/product\\\/aglia-asimi-me-myga\\\/#primaryimage\"},\"thumbnailUrl\":\"https:\\\/\\\/www.vrachnos.gr\\\/fishing\\\/wp-content\\\/uploads\\\/2023\\\/01\\\/aglia_mouche137041765551aee9f777b33.jpg\",\"datePublished\":\"2017-10-23T21:00:00+00:00\",\"dateModified\":\"2026-03-24T22:14:13+00:00\",\"breadcrumb\":{\"@id\":\"https:\\\/\\\/www.vrachnos.gr\\\/fishing\\\/product\\\/aglia-asimi-me-myga\\\/#breadcrumb\"},\"inLanguage\":\"el\",\"potentialAction\":[{\"@type\":\"ReadAction\",\"target\":[\"https:\\\/\\\/www.vrachnos.gr\\\/fishing\\\/product\\\/aglia-asimi-me-myga\\\/\"]}]},{\"@type\":\"ImageObject\",\"inLanguage\":\"el\",\"@id\":\"https:\\\/\\\/www.vrachnos.gr\\\/fishing\\\/product\\\/aglia-asimi-me-myga\\\/#primaryimage\",\"url\":\"https:\\\/\\\/www.vrachnos.gr\\\/fishing\\\/wp-content\\\/uploads\\\/2023\\\/01\\\/aglia_mouche137041765551aee9f777b33.jpg\",\"contentUrl\":\"https:\\\/\\\/www.vrachnos.gr\\\/fishing\\\/wp-content\\\/uploads\\\/2023\\\/01\\\/aglia_mouche137041765551aee9f777b33.jpg\",\"width\":363,\"height\":335},{\"@type\":\"BreadcrumbList\",\"@id\":\"https:\\\/\\\/www.vrachnos.gr\\\/fishing\\\/product\\\/aglia-asimi-me-myga\\\/#breadcrumb\",\"itemListElement\":[{\"@type\":\"ListItem\",\"position\":1,\"name\":\"\u0391\u03c1\u03c7\u03b9\u03ba\u03ae\",\"item\":\"https:\\\/\\\/www.vrachnos.gr\\\/fishing\\\/\"},{\"@type\":\"ListItem\",\"position\":2,\"name\":\"\u039a\u03b1\u03c4\u03ac\u03c3\u03c4\u03b7\u03bc\u03b1\",\"item\":\"https:\\\/\\\/www.vrachnos.gr\\\/fishing\\\/shop\\\/\"},{\"@type\":\"ListItem\",\"position\":3,\"name\":\"MEEP&#8217;S \\\/ AGLIA \u0391\u03c3\u03b7\u03bc\u03af \u039c\u03b5 \u039c\u03cd\u03b3\u03b1\"}]},{\"@type\":\"WebSite\",\"@id\":\"https:\\\/\\\/www.vrachnos.gr\\\/fishing\\\/#website\",\"url\":\"https:\\\/\\\/www.vrachnos.gr\\\/fishing\\\/\",\"name\":\"vrachnos.gr\",\"description\":\"Vrachnos Outdoor Store\",\"publisher\":{\"@id\":\"https:\\\/\\\/www.vrachnos.gr\\\/fishing\\\/#organization\"},\"potentialAction\":[{\"@type\":\"SearchAction\",\"target\":{\"@type\":\"EntryPoint\",\"urlTemplate\":\"https:\\\/\\\/www.vrachnos.gr\\\/fishing\\\/?s={search_term_string}\"},\"query-input\":{\"@type\":\"PropertyValueSpecification\",\"valueRequired\":true,\"valueName\":\"search_term_string\"}}],\"inLanguage\":\"el\"},{\"@type\":\"Organization\",\"@id\":\"https:\\\/\\\/www.vrachnos.gr\\\/fishing\\\/#organization\",\"name\":\"\u0392\u03a1\u0391\u03a7\u039d\u039f\u03a3 - \u0395\u0399\u0394\u0397 OUTDOOR\",\"url\":\"https:\\\/\\\/www.vrachnos.gr\\\/fishing\\\/\",\"logo\":{\"@type\":\"ImageObject\",\"inLanguage\":\"el\",\"@id\":\"https:\\\/\\\/www.vrachnos.gr\\\/fishing\\\/#\\\/schema\\\/logo\\\/image\\\/\",\"url\":\"https:\\\/\\\/www.vrachnos.gr\\\/fishing\\\/wp-content\\\/uploads\\\/2022\\\/10\\\/vrachnos-logo-blue.svg\",\"contentUrl\":\"https:\\\/\\\/www.vrachnos.gr\\\/fishing\\\/wp-content\\\/uploads\\\/2022\\\/10\\\/vrachnos-logo-blue.svg\",\"width\":1277,\"height\":314,\"caption\":\"\u0392\u03a1\u0391\u03a7\u039d\u039f\u03a3 - \u0395\u0399\u0394\u0397 OUTDOOR\"},\"image\":{\"@id\":\"https:\\\/\\\/www.vrachnos.gr\\\/fishing\\\/#\\\/schema\\\/logo\\\/image\\\/\"},\"sameAs\":[\"https:\\\/\\\/www.facebook.com\\\/profile.php?id=100024195167208\"]}]}<\/script>\n<!-- \/ Yoast SEO plugin. -->","yoast_head_json":{"title":"MEEP'S \/ AGLIA \u0391\u03c3\u03b7\u03bc\u03af \u039c\u03b5 \u039c\u03cd\u03b3\u03b1 - vrachnos.gr","robots":{"index":"index","follow":"follow","max-snippet":"max-snippet:-1","max-image-preview":"max-image-preview:large","max-video-preview":"max-video-preview:-1"},"canonical":"https:\/\/www.vrachnos.gr\/fishing\/product\/aglia-asimi-me-myga\/","og_locale":"el_GR","og_type":"article","og_title":"MEEP'S \/ AGLIA \u0391\u03c3\u03b7\u03bc\u03af \u039c\u03b5 \u039c\u03cd\u03b3\u03b1 - vrachnos.gr","og_description":"AGLIA\u00ae MOUCHE Pour les p\u00eaches d&#8217;\u00e9t\u00e9, par eaux basses et poissons difficiles. AGLIA \/ Black fly For summer fish, in","og_url":"https:\/\/www.vrachnos.gr\/fishing\/product\/aglia-asimi-me-myga\/","og_site_name":"vrachnos.gr","article_publisher":"https:\/\/www.facebook.com\/profile.php?id=100024195167208","article_modified_time":"2026-03-24T22:14:13+00:00","og_image":[{"width":363,"height":335,"url":"https:\/\/www.vrachnos.gr\/fishing\/wp-content\/uploads\/2023\/01\/aglia_mouche137041765551aee9f777b33.jpg","type":"image\/jpeg"}],"twitter_card":"summary_large_image","schema":{"@context":"https:\/\/schema.org","@graph":[{"@type":"WebPage","@id":"https:\/\/www.vrachnos.gr\/fishing\/product\/aglia-asimi-me-myga\/","url":"https:\/\/www.vrachnos.gr\/fishing\/product\/aglia-asimi-me-myga\/","name":"MEEP'S \/ AGLIA \u0391\u03c3\u03b7\u03bc\u03af \u039c\u03b5 \u039c\u03cd\u03b3\u03b1 - vrachnos.gr","isPartOf":{"@id":"https:\/\/www.vrachnos.gr\/fishing\/#website"},"primaryImageOfPage":{"@id":"https:\/\/www.vrachnos.gr\/fishing\/product\/aglia-asimi-me-myga\/#primaryimage"},"image":{"@id":"https:\/\/www.vrachnos.gr\/fishing\/product\/aglia-asimi-me-myga\/#primaryimage"},"thumbnailUrl":"https:\/\/www.vrachnos.gr\/fishing\/wp-content\/uploads\/2023\/01\/aglia_mouche137041765551aee9f777b33.jpg","datePublished":"2017-10-23T21:00:00+00:00","dateModified":"2026-03-24T22:14:13+00:00","breadcrumb":{"@id":"https:\/\/www.vrachnos.gr\/fishing\/product\/aglia-asimi-me-myga\/#breadcrumb"},"inLanguage":"el","potentialAction":[{"@type":"ReadAction","target":["https:\/\/www.vrachnos.gr\/fishing\/product\/aglia-asimi-me-myga\/"]}]},{"@type":"ImageObject","inLanguage":"el","@id":"https:\/\/www.vrachnos.gr\/fishing\/product\/aglia-asimi-me-myga\/#primaryimage","url":"https:\/\/www.vrachnos.gr\/fishing\/wp-content\/uploads\/2023\/01\/aglia_mouche137041765551aee9f777b33.jpg","contentUrl":"https:\/\/www.vrachnos.gr\/fishing\/wp-content\/uploads\/2023\/01\/aglia_mouche137041765551aee9f777b33.jpg","width":363,"height":335},{"@type":"BreadcrumbList","@id":"https:\/\/www.vrachnos.gr\/fishing\/product\/aglia-asimi-me-myga\/#breadcrumb","itemListElement":[{"@type":"ListItem","position":1,"name":"\u0391\u03c1\u03c7\u03b9\u03ba\u03ae","item":"https:\/\/www.vrachnos.gr\/fishing\/"},{"@type":"ListItem","position":2,"name":"\u039a\u03b1\u03c4\u03ac\u03c3\u03c4\u03b7\u03bc\u03b1","item":"https:\/\/www.vrachnos.gr\/fishing\/shop\/"},{"@type":"ListItem","position":3,"name":"MEEP&#8217;S \/ AGLIA \u0391\u03c3\u03b7\u03bc\u03af \u039c\u03b5 \u039c\u03cd\u03b3\u03b1"}]},{"@type":"WebSite","@id":"https:\/\/www.vrachnos.gr\/fishing\/#website","url":"https:\/\/www.vrachnos.gr\/fishing\/","name":"vrachnos.gr","description":"Vrachnos Outdoor Store","publisher":{"@id":"https:\/\/www.vrachnos.gr\/fishing\/#organization"},"potentialAction":[{"@type":"SearchAction","target":{"@type":"EntryPoint","urlTemplate":"https:\/\/www.vrachnos.gr\/fishing\/?s={search_term_string}"},"query-input":{"@type":"PropertyValueSpecification","valueRequired":true,"valueName":"search_term_string"}}],"inLanguage":"el"},{"@type":"Organization","@id":"https:\/\/www.vrachnos.gr\/fishing\/#organization","name":"\u0392\u03a1\u0391\u03a7\u039d\u039f\u03a3 - \u0395\u0399\u0394\u0397 OUTDOOR","url":"https:\/\/www.vrachnos.gr\/fishing\/","logo":{"@type":"ImageObject","inLanguage":"el","@id":"https:\/\/www.vrachnos.gr\/fishing\/#\/schema\/logo\/image\/","url":"https:\/\/www.vrachnos.gr\/fishing\/wp-content\/uploads\/2022\/10\/vrachnos-logo-blue.svg","contentUrl":"https:\/\/www.vrachnos.gr\/fishing\/wp-content\/uploads\/2022\/10\/vrachnos-logo-blue.svg","width":1277,"height":314,"caption":"\u0392\u03a1\u0391\u03a7\u039d\u039f\u03a3 - \u0395\u0399\u0394\u0397 OUTDOOR"},"image":{"@id":"https:\/\/www.vrachnos.gr\/fishing\/#\/schema\/logo\/image\/"},"sameAs":["https:\/\/www.facebook.com\/profile.php?id=100024195167208"]}]}},"_links":{"self":[{"href":"https:\/\/www.vrachnos.gr\/fishing\/wp-json\/wp\/v2\/product\/15406","targetHints":{"allow":["GET"]}}],"collection":[{"href":"https:\/\/www.vrachnos.gr\/fishing\/wp-json\/wp\/v2\/product"}],"about":[{"href":"https:\/\/www.vrachnos.gr\/fishing\/wp-json\/wp\/v2\/types\/product"}],"wp:featuredmedia":[{"embeddable":true,"href":"https:\/\/www.vrachnos.gr\/fishing\/wp-json\/wp\/v2\/media\/15408"}],"wp:attachment":[{"href":"https:\/\/www.vrachnos.gr\/fishing\/wp-json\/wp\/v2\/media?parent=15406"}],"wp:term":[{"taxonomy":"product_cat","embeddable":true,"href":"https:\/\/www.vrachnos.gr\/fishing\/wp-json\/wp\/v2\/product_cat?post=15406"},{"taxonomy":"product_tag","embeddable":true,"href":"https:\/\/www.vrachnos.gr\/fishing\/wp-json\/wp\/v2\/product_tag?post=15406"}],"curies":[{"name":"wp","href":"https:\/\/api.w.org\/{rel}","templated":true}]}}